{"id":126,"date":"2026-03-06T10:53:48","date_gmt":"2026-03-06T09:53:48","guid":{"rendered":"https:\/\/staging.enebydungen.se\/?page_id=126"},"modified":"2026-03-30T13:33:09","modified_gmt":"2026-03-30T11:33:09","slug":"matsedel","status":"publish","type":"page","link":"https:\/\/staging.enebydungen.se\/index.php\/matsedel\/","title":{"rendered":"Matsedel"},"content":{"rendered":"\n<p class=\"has-text-align-center\"><em><strong>Vad blir det f\u00f6r mat?<\/strong><\/em><\/p>\n\n\n\n<p class=\"has-text-align-center\"><strong>Vecka x : x-x xxxx<\/strong><\/p>\n\n\n\n<p class=\"has-text-align-center\"><strong>M\u00e5ndag<\/strong><br><em>Lunch: <\/em><br>Pannbiff med ris och currys\u00e5s<br>Gr\u00f6nsaksbiffar med ris och currys\u00e5s<br><em>Mellanm\u00e5l:<\/em><br>Fil och flingor<\/p>\n\n\n\n<p class=\"has-text-align-center\"><strong>Tisdag<\/strong><br><em>Lunch:<\/em><br>Ricotta- och spenatfylld tortellini med ost- och tomats\u00e5s<br><em>Mellanm\u00e5l:<\/em><br>Mjukt br\u00f6d och p\u00e5l\u00e4gg<\/p>\n\n\n\n<p class=\"has-text-align-center\"><strong>Onsdag<\/strong><br><em>Lunch:<\/em><strong><br><\/strong>Kycklingfil\u00e9 med potatismos och ajvars\u00e5s<br>S\u00f6tpotatisbiffar med potatismos och ajvars\u00e5s<br><em>Mellanm\u00e5l:<\/em><br>Kn\u00e4ckebr\u00f6d och p\u00e5l\u00e4gg<\/p>\n\n\n\n<p class=\"has-text-align-center\"><strong>Torsdag<\/strong><br><em>Lunch:<\/em><strong><br><\/strong>Lax med potatis och skirat sm\u00f6r<br>Quornfil\u00e9 med potatis och skirat sm\u00f6r<br><em>Mellanm\u00e5l:<\/em><br>\u00c4gg<\/p>\n\n\n\n<p class=\"has-text-align-center\"><strong>Fredag<\/strong><br><em>Lunch:<\/em><strong><br><\/strong>Lasagne al forno<br>Vegetarisk lasagne al forno<br><em>Mellanm\u00e5l:<\/em><br>Smoothie<\/p>\n\n\n\n<p class=\"has-text-align-center\"><\/p>\n\n\n\n<p class=\"has-text-align-center\"><strong><em>Till lunchen serveras det alltid gr\u00f6nsaker.<\/em><\/strong><br><\/p>\n\n\n\n<h2 class=\"wp-block-heading has-text-align-center\"><strong><em>Smaklig m\u00e5ltid!<\/em><\/strong><\/h2>\n\n\n\n<figure class=\"wp-block-image aligncenter size-full\"><img loading=\"lazy\" decoding=\"async\" width=\"498\" height=\"498\" src=\"https:\/\/staging.enebydungen.se\/wp-content\/uploads\/2026\/03\/WinnieThePoohHungryGIF-1.gif\" alt=\"\" class=\"wp-image-160\"\/><\/figure>\n\n\n\n<p class=\"has-text-align-center\"><\/p>\n","protected":false},"excerpt":{"rendered":"<p>Vad blir det f\u00f6r mat? Vecka x : x-x xxxx M\u00e5ndagLunch: Pannbiff med ris och currys\u00e5sGr\u00f6nsaksbiffar med ris och currys\u00e5sMellanm\u00e5l:Fil och flingor TisdagLunch:Ricotta- och spenatfylld tortellini med ost- och tomats\u00e5sMellanm\u00e5l:Mjukt br\u00f6d och p\u00e5l\u00e4gg OnsdagLunch:Kycklingfil\u00e9 med potatismos och ajvars\u00e5sS\u00f6tpotatisbiffar med potatismos och ajvars\u00e5sMellanm\u00e5l:Kn\u00e4ckebr\u00f6d och p\u00e5l\u00e4gg TorsdagLunch:Lax med potatis och skirat sm\u00f6rQuornfil\u00e9 med potatis och skirat sm\u00f6rMellanm\u00e5l:\u00c4gg [&hellip;]<\/p>\n","protected":false},"author":1,"featured_media":0,"parent":0,"menu_order":0,"comment_status":"closed","ping_status":"closed","template":"","meta":{"footnotes":""},"class_list":["post-126","page","type-page","status-publish","hentry"],"_links":{"self":[{"href":"https:\/\/staging.enebydungen.se\/index.php\/wp-json\/wp\/v2\/pages\/126","targetHints":{"allow":["GET"]}}],"collection":[{"href":"https:\/\/staging.enebydungen.se\/index.php\/wp-json\/wp\/v2\/pages"}],"about":[{"href":"https:\/\/staging.enebydungen.se\/index.php\/wp-json\/wp\/v2\/types\/page"}],"author":[{"embeddable":true,"href":"https:\/\/staging.enebydungen.se\/index.php\/wp-json\/wp\/v2\/users\/1"}],"replies":[{"embeddable":true,"href":"https:\/\/staging.enebydungen.se\/index.php\/wp-json\/wp\/v2\/comments?post=126"}],"version-history":[{"count":7,"href":"https:\/\/staging.enebydungen.se\/index.php\/wp-json\/wp\/v2\/pages\/126\/revisions"}],"predecessor-version":[{"id":175,"href":"https:\/\/staging.enebydungen.se\/index.php\/wp-json\/wp\/v2\/pages\/126\/revisions\/175"}],"wp:attachment":[{"href":"https:\/\/staging.enebydungen.se\/index.php\/wp-json\/wp\/v2\/media?parent=126"}],"curies":[{"name":"wp","href":"https:\/\/api.w.org\/{rel}","templated":true}]}}