{"id":15,"date":"2026-02-17T13:03:24","date_gmt":"2026-02-17T12:03:24","guid":{"rendered":"https:\/\/staging.enebydungen.se\/?page_id=15"},"modified":"2026-05-07T15:53:36","modified_gmt":"2026-05-07T13:53:36","slug":"var-pedagogik","status":"publish","type":"page","link":"https:\/\/staging.enebydungen.se\/index.php\/var-pedagogik\/","title":{"rendered":"V\u00e5r pedagogik"},"content":{"rendered":"\n<div class=\"wp-block-media-text has-media-on-the-right is-vertically-aligned-center\" style=\"grid-template-columns:auto 35%\"><div class=\"wp-block-media-text__content\">\n<p class=\"is-style-text-annotation has-medium-font-size is-style-text-annotation--1\">Vi arbetar enligt skolverkets&nbsp;<a href=\"https:\/\/www.skolverket.se\/undervisning\/forskolan\/laroplan-for-forskolan\" target=\"_blank\" rel=\"noreferrer noopener\"><strong>l\u00e4roplan f\u00f6r f\u00f6rskolan<\/strong>.<\/a>&nbsp;P\u00e5 v\u00e5r f\u00f6rskola \u00e4r avdelningarna \u00e5ldersindelade f\u00f6r att kunna utveckla och stimulera varje barn. Vi ser pedagogik som en f\u00f6r\u00e4nderlig process i ett samh\u00e4lle som st\u00e4ndigt f\u00f6r\u00e4ndras.<\/p>\n<\/div><figure class=\"wp-block-media-text__media\"><img loading=\"lazy\" decoding=\"async\" width=\"600\" height=\"600\" src=\"https:\/\/staging.enebydungen.se\/wp-content\/uploads\/2026\/05\/time-tables-d07f6af4b116229d44658db9179a1e3ccde747fd8368f6cc42830e33cb5f715c.png\" alt=\"\" class=\"wp-image-301 size-full\" srcset=\"https:\/\/staging.enebydungen.se\/wp-content\/uploads\/2026\/05\/time-tables-d07f6af4b116229d44658db9179a1e3ccde747fd8368f6cc42830e33cb5f715c.png 600w, https:\/\/staging.enebydungen.se\/wp-content\/uploads\/2026\/05\/time-tables-d07f6af4b116229d44658db9179a1e3ccde747fd8368f6cc42830e33cb5f715c-300x300.png 300w, https:\/\/staging.enebydungen.se\/wp-content\/uploads\/2026\/05\/time-tables-d07f6af4b116229d44658db9179a1e3ccde747fd8368f6cc42830e33cb5f715c-150x150.png 150w\" sizes=\"auto, (max-width: 600px) 100vw, 600px\" \/><\/figure><\/div>\n\n\n\n<p><\/p>\n\n\n\n<div class=\"wp-block-media-text\" style=\"grid-template-columns:35% auto\"><figure class=\"wp-block-media-text__media\"><img loading=\"lazy\" decoding=\"async\" width=\"768\" height=\"1024\" src=\"https:\/\/staging.enebydungen.se\/wp-content\/uploads\/2026\/05\/collage-768x1024.png\" alt=\"\" class=\"wp-image-286 size-full\" srcset=\"https:\/\/staging.enebydungen.se\/wp-content\/uploads\/2026\/05\/collage-768x1024.png 768w, https:\/\/staging.enebydungen.se\/wp-content\/uploads\/2026\/05\/collage-225x300.png 225w, https:\/\/staging.enebydungen.se\/wp-content\/uploads\/2026\/05\/collage-1152x1536.png 1152w, https:\/\/staging.enebydungen.se\/wp-content\/uploads\/2026\/05\/collage-1536x2048.png 1536w, https:\/\/staging.enebydungen.se\/wp-content\/uploads\/2026\/05\/collage-scaled.png 1920w\" sizes=\"auto, (max-width: 768px) 100vw, 768px\" \/><\/figure><div class=\"wp-block-media-text__content\">\n<p class=\"is-style-text-annotation has-medium-font-size is-style-text-annotation--2\">P\u00e5 Enebydungens f\u00f6rskola fokuserar vi mycket p\u00e5 barnens spr\u00e5kutveckling och l\u00e4sf\u00f6rst\u00e5else. Fr\u00e5n att barnen \u00e4r ca 2,5 \u00e5r arbetar vi med ett material som heter <strong>\u201dF\u00f6re Bornholmsmodellen\u201d<\/strong> d\u00e4r barnen genom s\u00e5ng, lek och ramsor lockas till att unders\u00f6ka spr\u00e5ket. Forskning visar att det systematiska arbetet med spr\u00e5klekar underl\u00e4ttar barnens framtida l\u00e4sinl\u00e4rning och f\u00f6rebygger l\u00e4ssv\u00e5righeter.<\/p>\n<\/div><\/div>\n\n\n\n<p><\/p>\n\n\n\n<div class=\"wp-block-media-text has-media-on-the-right\" style=\"grid-template-columns:auto 35%\"><div class=\"wp-block-media-text__content\">\n<p class=\"is-style-text-annotation has-medium-font-size is-style-text-annotation--3\">Vi anv\u00e4nder&nbsp;<strong><a href=\"https:\/\/widgitonline.com\/\" target=\"_blank\" rel=\"noreferrer noopener\">Widget<\/a>,<\/strong> som \u00e4r ett bildst\u00f6dsmaterial, f\u00f6r att underl\u00e4tta vardagen f\u00f6r alla barn \u00e4ven barn med s\u00e4rskilda behov har god anv\u00e4ndning av det.<\/p>\n<\/div><figure class=\"wp-block-media-text__media\"><img loading=\"lazy\" decoding=\"async\" width=\"475\" height=\"492\" src=\"https:\/\/staging.enebydungen.se\/wp-content\/uploads\/2026\/05\/Skarmbild-2026-05-07-152441.png\" alt=\"\" class=\"wp-image-302 size-full\" srcset=\"https:\/\/staging.enebydungen.se\/wp-content\/uploads\/2026\/05\/Skarmbild-2026-05-07-152441.png 475w, https:\/\/staging.enebydungen.se\/wp-content\/uploads\/2026\/05\/Skarmbild-2026-05-07-152441-290x300.png 290w\" sizes=\"auto, (max-width: 475px) 100vw, 475px\" \/><\/figure><\/div>\n\n\n\n<p><\/p>\n","protected":false},"excerpt":{"rendered":"<p>Vi arbetar enligt skolverkets&nbsp;l\u00e4roplan f\u00f6r f\u00f6rskolan.&nbsp;P\u00e5 v\u00e5r f\u00f6rskola \u00e4r avdelningarna \u00e5ldersindelade f\u00f6r att kunna utveckla och stimulera varje barn. Vi ser pedagogik som en f\u00f6r\u00e4nderlig process i ett samh\u00e4lle som st\u00e4ndigt f\u00f6r\u00e4ndras. P\u00e5 Enebydungens f\u00f6rskola fokuserar vi mycket p\u00e5 barnens spr\u00e5kutveckling och l\u00e4sf\u00f6rst\u00e5else. Fr\u00e5n att barnen \u00e4r ca 2,5 \u00e5r arbetar vi med ett material [&hellip;]<\/p>\n","protected":false},"author":1,"featured_media":0,"parent":0,"menu_order":0,"comment_status":"closed","ping_status":"closed","template":"","meta":{"footnotes":""},"class_list":["post-15","page","type-page","status-publish","hentry"],"_links":{"self":[{"href":"https:\/\/staging.enebydungen.se\/index.php\/wp-json\/wp\/v2\/pages\/15","targetHints":{"allow":["GET"]}}],"collection":[{"href":"https:\/\/staging.enebydungen.se\/index.php\/wp-json\/wp\/v2\/pages"}],"about":[{"href":"https:\/\/staging.enebydungen.se\/index.php\/wp-json\/wp\/v2\/types\/page"}],"author":[{"embeddable":true,"href":"https:\/\/staging.enebydungen.se\/index.php\/wp-json\/wp\/v2\/users\/1"}],"replies":[{"embeddable":true,"href":"https:\/\/staging.enebydungen.se\/index.php\/wp-json\/wp\/v2\/comments?post=15"}],"version-history":[{"count":16,"href":"https:\/\/staging.enebydungen.se\/index.php\/wp-json\/wp\/v2\/pages\/15\/revisions"}],"predecessor-version":[{"id":322,"href":"https:\/\/staging.enebydungen.se\/index.php\/wp-json\/wp\/v2\/pages\/15\/revisions\/322"}],"wp:attachment":[{"href":"https:\/\/staging.enebydungen.se\/index.php\/wp-json\/wp\/v2\/media?parent=15"}],"curies":[{"name":"wp","href":"https:\/\/api.w.org\/{rel}","templated":true}]}}