{"id":165,"date":"2026-03-26T10:28:29","date_gmt":"2026-03-26T09:28:29","guid":{"rendered":"https:\/\/staging.enebydungen.se\/?page_id=165"},"modified":"2026-05-07T15:50:41","modified_gmt":"2026-05-07T13:50:41","slug":"avdelningar","status":"publish","type":"page","link":"https:\/\/staging.enebydungen.se\/index.php\/avdelningar\/","title":{"rendered":"Avdelningar"},"content":{"rendered":"\n<div class=\"wp-block-media-text has-media-on-the-right\" style=\"grid-template-columns:auto 35%\"><div class=\"wp-block-media-text__content\">\n<p class=\"is-style-text-annotation has-medium-font-size is-style-text-annotation--1\">P\u00e5 Enebydungens f\u00f6rskola har vi fem avdelningar med engagerade pedagoger som arbetar n\u00e4ra barnen. Genom att arbeta i mindre grupper p\u00e5 avdelningarna skapar vi trygghet, gl\u00e4dje och en l\u00e4rorik milj\u00f6 d\u00e4r varje barn f\u00e5r m\u00f6jlighet att utvecklas i sin egen takt.<\/p>\n\n\n\n<p class=\"is-style-text-annotation has-medium-font-size is-style-text-annotation--2\">V\u00e5ra avdelningar heter Junibacken, Katthult, Sunnan\u00e4ng, S\u00f6rg\u00e5rden och Villekulla.<\/p>\n<\/div><figure class=\"wp-block-media-text__media\"><img loading=\"lazy\" decoding=\"async\" width=\"481\" height=\"627\" src=\"https:\/\/staging.enebydungen.se\/wp-content\/uploads\/2026\/05\/Skarmbild-2026-05-07-153809.png\" alt=\"\" class=\"wp-image-307 size-full\" srcset=\"https:\/\/staging.enebydungen.se\/wp-content\/uploads\/2026\/05\/Skarmbild-2026-05-07-153809.png 481w, https:\/\/staging.enebydungen.se\/wp-content\/uploads\/2026\/05\/Skarmbild-2026-05-07-153809-230x300.png 230w\" sizes=\"auto, (max-width: 481px) 100vw, 481px\" \/><\/figure><\/div>\n\n\n\n<p><\/p>\n\n\n\n<div class=\"wp-block-media-text\" style=\"grid-template-columns:49% auto\"><figure class=\"wp-block-media-text__media\"><img loading=\"lazy\" decoding=\"async\" width=\"489\" height=\"322\" src=\"https:\/\/staging.enebydungen.se\/wp-content\/uploads\/2026\/05\/Skarmbild-2026-05-07-154022.png\" alt=\"\" class=\"wp-image-308 size-full\" srcset=\"https:\/\/staging.enebydungen.se\/wp-content\/uploads\/2026\/05\/Skarmbild-2026-05-07-154022.png 489w, https:\/\/staging.enebydungen.se\/wp-content\/uploads\/2026\/05\/Skarmbild-2026-05-07-154022-300x198.png 300w\" sizes=\"auto, (max-width: 489px) 100vw, 489px\" \/><\/figure><div class=\"wp-block-media-text__content\">\n<p><strong>Inskolning<\/strong><\/p>\n\n\n\n<p class=\"is-style-text-annotation has-medium-font-size is-style-text-annotation--3\">De flesta barn som b\u00f6rjar p\u00e5 Enebydungen skolas in p\u00e5 n\u00e5gon av v\u00e5ra sm\u00e5barnsavdelningar. Inskolningen planeras p\u00e5g\u00e5 i tre dagar d\u00e4r du som f\u00f6r\u00e4lder \u00e4r aktiv och med barnet hela tiden. Eftersom vi utg\u00e5r fr\u00e5n det enskilda barnet och dess behov kan inskolningen ta olika l\u00e5ng tid.<\/p>\n<\/div><\/div>\n\n\n\n<p><\/p>\n","protected":false},"excerpt":{"rendered":"<p>P\u00e5 Enebydungens f\u00f6rskola har vi fem avdelningar med engagerade pedagoger som arbetar n\u00e4ra barnen. Genom att arbeta i mindre grupper p\u00e5 avdelningarna skapar vi trygghet, gl\u00e4dje och en l\u00e4rorik milj\u00f6 d\u00e4r varje barn f\u00e5r m\u00f6jlighet att utvecklas i sin egen takt. V\u00e5ra avdelningar heter Junibacken, Katthult, Sunnan\u00e4ng, S\u00f6rg\u00e5rden och Villekulla. Inskolning De flesta barn som [&hellip;]<\/p>\n","protected":false},"author":1,"featured_media":0,"parent":0,"menu_order":0,"comment_status":"closed","ping_status":"closed","template":"","meta":{"footnotes":""},"class_list":["post-165","page","type-page","status-publish","hentry"],"_links":{"self":[{"href":"https:\/\/staging.enebydungen.se\/index.php\/wp-json\/wp\/v2\/pages\/165","targetHints":{"allow":["GET"]}}],"collection":[{"href":"https:\/\/staging.enebydungen.se\/index.php\/wp-json\/wp\/v2\/pages"}],"about":[{"href":"https:\/\/staging.enebydungen.se\/index.php\/wp-json\/wp\/v2\/types\/page"}],"author":[{"embeddable":true,"href":"https:\/\/staging.enebydungen.se\/index.php\/wp-json\/wp\/v2\/users\/1"}],"replies":[{"embeddable":true,"href":"https:\/\/staging.enebydungen.se\/index.php\/wp-json\/wp\/v2\/comments?post=165"}],"version-history":[{"count":15,"href":"https:\/\/staging.enebydungen.se\/index.php\/wp-json\/wp\/v2\/pages\/165\/revisions"}],"predecessor-version":[{"id":317,"href":"https:\/\/staging.enebydungen.se\/index.php\/wp-json\/wp\/v2\/pages\/165\/revisions\/317"}],"wp:attachment":[{"href":"https:\/\/staging.enebydungen.se\/index.php\/wp-json\/wp\/v2\/media?parent=165"}],"curies":[{"name":"wp","href":"https:\/\/api.w.org\/{rel}","templated":true}]}}