{"id":17,"date":"2026-02-17T13:03:43","date_gmt":"2026-02-17T12:03:43","guid":{"rendered":"https:\/\/staging.enebydungen.se\/?page_id=17"},"modified":"2026-05-07T15:50:28","modified_gmt":"2026-05-07T13:50:28","slug":"var-verksamhet","status":"publish","type":"page","link":"https:\/\/staging.enebydungen.se\/index.php\/var-verksamhet\/","title":{"rendered":"V\u00e5r verksamhet"},"content":{"rendered":"\n<figure class=\"wp-block-image\"><img loading=\"lazy\" decoding=\"async\" width=\"1020\" height=\"859\" src=\"https:\/\/staging.enebydungen.se\/wp-content\/uploads\/2026\/03\/Arshjul.png\" alt=\"\" class=\"wp-image-150\" srcset=\"https:\/\/staging.enebydungen.se\/wp-content\/uploads\/2026\/03\/Arshjul.png 1020w, https:\/\/staging.enebydungen.se\/wp-content\/uploads\/2026\/03\/Arshjul-300x253.png 300w, https:\/\/staging.enebydungen.se\/wp-content\/uploads\/2026\/03\/Arshjul-768x647.png 768w\" sizes=\"auto, (max-width: 1020px) 100vw, 1020px\" \/><\/figure>\n\n\n\n<p><\/p>\n\n\n\n<p><strong>F\u00d6RSKOLANS V\u00c4RDEGRUND OCH UPPDRAG<\/strong><\/p>\n\n\n\n<p>F\u00f6rskolan ska l\u00e4gga grunden f\u00f6r ett livsl\u00e5ngt l\u00e4rande i en verksamhet som \u00e4r rolig, trygg och l\u00e4rorik. Det ska vara en god pedagogisk verksamhet som \u00e4r grundad i demokratiska v\u00e4rderingar d\u00e4r omsorg, fostran och l\u00e4rande bildar en helhet. I samarbete med hemmen ska f\u00f6rskolan skapa b\u00e4sta m\u00f6jliga f\u00f6ruts\u00e4ttningar f\u00f6r att varje barn utvecklas rikt och m\u00e5ngsidigt. I f\u00f6rskolan arbetar f\u00f6rskoll\u00e4rare och barnsk\u00f6tare med barn i \u00e5ldern 1-5 \u00e5r. F\u00f6rskolan har en l\u00e4roplan som Skolverket st\u00e5r bakom.<\/p>\n\n\n\n<p>Vi \u00e4r lyh\u00f6rda pedagoger som lyssnar aktivt p\u00e5 barnen och deras behov. Vi arbetar f\u00f6r att barnen ska k\u00e4nna sig delaktiga och vi som arbetar med barnen \u00e4r n\u00e4rvarande och engagerade pedagoger.&nbsp; Barnen ska k\u00e4nna att de har inflytande \u00f6ver sin situation p\u00e5 f\u00f6rskolan.<\/p>\n\n\n\n<ul class=\"wp-block-list\">\n<li><strong><em>Likabehandlingsplan <\/em><\/strong><\/li>\n<\/ul>\n\n\n\n<p>Vi har en Likabehandlingsplan som \u00e4r en beskrivning av hur Enebydungens f\u00f6rskola arbetar mot diskriminering och kr\u00e4nkande behandling. Detta g\u00e5r hand i hand med hur vi arbetar med grundl\u00e4ggande v\u00e4rderingar som handlar om barns lika v\u00e4rde och deras r\u00e4ttigheter. Detta arbete kopplar vi till Barnkonventionen som blev lag i Sverige i januari \u00e5r 2020. Barnkonventionen best\u00e5r av 54 artiklar d\u00e4r alla handlar om barns r\u00e4ttigheter. De fyra grundprinciper \u00e4r:<\/p>\n\n\n\n<p>\u00a7 2 Alla barn har samma r\u00e4ttigheter och lika v\u00e4rde<\/p>\n\n\n\n<p>\u00a7 3 Barnets b\u00e4sta ska beaktas vid alla beslut som r\u00f6r barnet<\/p>\n\n\n\n<p>\u00a7 6 Alla barn har r\u00e4tt till liv och utveckling<\/p>\n\n\n\n<p>\u00a7 12 Alla barn har r\u00e4tt att s\u00e4ga sin mening och f\u00e5 den respekterad<\/p>\n\n\n\n<p>Noll tolerans mot kr\u00e4nkande behandling! Vi arbetar n\u00e4ra barnen och \u00e4r tillg\u00e4ngliga vid konflikthantering.<\/p>\n\n\n\n<div class=\"wp-block-media-text has-media-on-the-right\" style=\"grid-template-columns:auto 35%\"><div class=\"wp-block-media-text__content\">\n<p><strong>SPR\u00c5KUTVECKLING<\/strong><\/p>\n\n\n\n<p class=\"is-style-text-annotation has-small-font-size is-style-text-annotation--1\">Vi fokuserar mycket p\u00e5 barns f\u00f6rst\u00e5else och spr\u00e5kutveckling. Vi arbetar med ett material som heter \u201dF\u00f6re Bornholmsmodellen\u201d d\u00e4r barnen genom s\u00e5ng, lek och ramsor lockas till att unders\u00f6ka spr\u00e5ket. Forskning visar att det systematiska arbetet med spr\u00e5klekar underl\u00e4ttar barnens framtida l\u00e4s-, och skrivutveckling och f\u00f6rebygger l\u00e4ssv\u00e5righeter.<br><br>Materialet inneh\u00e5ller spr\u00e5ksamlingar med konkreta \u00f6vningar i en tydlig struktur och g\u00e5ng. Samlingarna finns f\u00f6r tv\u00e5 \u00e5ldrar, cirka 2,5-4 \u00e5r och 4-6 \u00e5r. Varje samling fokuserar p\u00e5 en spr\u00e5klek, en ramsa och en aktivitet som utg\u00e5r fr\u00e5n en h\u00f6gl\u00e4sningsbok.<\/p>\n\n\n\n<p class=\"is-style-text-annotation is-style-text-annotation--2\">M\u00e5nga av pedagogerna p\u00e5 Enebydungen har g\u00e5tt en utbildning inom L\u00e4slyftet som Skolverket st\u00e5r bakom. L\u00e4slyftet i f\u00f6rskolan handlar om att utveckla undervisningen g\u00e4llande den tidiga spr\u00e5k, l\u00e4s- och skrivutvecklingen hos alla barn i f\u00f6rskolan. I ett kollegialt l\u00e4rande f\u00e5r vi ta del av aktuell forskning, pr\u00f6va i praktiken, reflektera och pr\u00f6va igen.<\/p>\n\n\n\n<p class=\"is-style-text-annotation is-style-text-annotation--3\">Vi har en medveten spr\u00e5kmilj\u00f6 och l\u00e4ser dagligen b\u00f6cker p\u00e5 samtliga avdelningar. Vi g\u00f6r regelbundna bes\u00f6k p\u00e5 biblioteket och har ett n\u00e4ra samarbete mellan f\u00f6rskola och hem i syfte att bygga spr\u00e5k och ordf\u00f6rr\u00e5d. Vi pedagoger l\u00e4gger stor vikt vid det dagliga samtalet och dialogen med barnen d\u00e4r vi \u00e4r goda spr\u00e5kf\u00f6rebilder. I syfte att st\u00f6dja kommunikationen n\u00e4r talet inte r\u00e4cker till anv\u00e4nder vi oss av Widget bildst\u00f6d d\u00e4r vi med enkla bilder st\u00f6djer kommunikation, spr\u00e5k och f\u00f6rst\u00e5else<\/p>\n<\/div><figure class=\"wp-block-media-text__media\"><img loading=\"lazy\" decoding=\"async\" width=\"768\" height=\"1024\" src=\"https:\/\/staging.enebydungen.se\/wp-content\/uploads\/2026\/05\/collage-768x1024.png\" alt=\"\" class=\"wp-image-286 size-full\" srcset=\"https:\/\/staging.enebydungen.se\/wp-content\/uploads\/2026\/05\/collage-768x1024.png 768w, https:\/\/staging.enebydungen.se\/wp-content\/uploads\/2026\/05\/collage-225x300.png 225w, https:\/\/staging.enebydungen.se\/wp-content\/uploads\/2026\/05\/collage-1152x1536.png 1152w, https:\/\/staging.enebydungen.se\/wp-content\/uploads\/2026\/05\/collage-1536x2048.png 1536w, https:\/\/staging.enebydungen.se\/wp-content\/uploads\/2026\/05\/collage-scaled.png 1920w\" sizes=\"auto, (max-width: 768px) 100vw, 768px\" \/><\/figure><\/div>\n\n\n\n<div class=\"wp-block-media-text\" style=\"grid-template-columns:35% auto\"><figure class=\"wp-block-media-text__media\"><img loading=\"lazy\" decoding=\"async\" width=\"487\" height=\"583\" src=\"https:\/\/staging.enebydungen.se\/wp-content\/uploads\/2026\/05\/Skarmbild-2026-05-07-145301.png\" alt=\"\" class=\"wp-image-297 size-full\" srcset=\"https:\/\/staging.enebydungen.se\/wp-content\/uploads\/2026\/05\/Skarmbild-2026-05-07-145301.png 487w, https:\/\/staging.enebydungen.se\/wp-content\/uploads\/2026\/05\/Skarmbild-2026-05-07-145301-251x300.png 251w\" sizes=\"auto, (max-width: 487px) 100vw, 487px\" \/><\/figure><div class=\"wp-block-media-text__content\">\n<p><strong>MATEMATIK<\/strong>&nbsp;&nbsp;&nbsp;&nbsp;&nbsp;&nbsp;&nbsp;&nbsp;&nbsp;<\/p>\n\n\n\n<p class=\"is-style-text-annotation is-style-text-annotation--4\">Vi arbetar med grundl\u00e4ggande matematik d\u00e4r vi&nbsp;t ex&nbsp;r\u00e4knar barnen i samlingen, och reflekterar \u00e4ven kring vilka barn vi saknar. Vi g\u00e5r dagligen igenom vilken dag det \u00e4r och hur&nbsp;m\u00e5nga dagar veckan har. Vi talar om begrepp som hel och halv n\u00e4r vi delar frukten och&nbsp;har p\u00e5 oss \u201dmatematikglas\u00f6gonen\u201d i syfte att ge barnen f\u00f6rst\u00e5else f\u00f6r antal, begrepp, tal&nbsp;etc.&nbsp;Vi fokuserar p\u00e5 att arbeta med spr\u00e5ket, s\u00e4tta ord p\u00e5 grundl\u00e4ggande begrepp s\u00e5 som l\u00e5ng, kort, l\u00e4tt, tung, och \u00e4ven olika l\u00e4gesord. Detta sker p\u00e5 ett lekfullt s\u00e4tt vid olika tillf\u00e4llen under dagen som&nbsp;t ex&nbsp;n\u00e4r vi kl\u00e4r p\u00e5-, och av oss i hallen, i skogen d\u00e4r vi kan ge olika instruktioner och sortera och j\u00e4mf\u00f6ra l\u00e4ngd p\u00e5 naturmaterial, r\u00e4kna kottar och stenar&nbsp;etc.&nbsp;I denna \u00e5lder fokuserar vi mycket p\u00e5 att l\u00e5ta barnen f\u00e5 begreppsf\u00f6rst\u00e5else.&nbsp;&nbsp;<\/p>\n<\/div><\/div>\n\n\n\n<div class=\"wp-block-media-text has-media-on-the-right\" style=\"grid-template-columns:auto 34%\"><div class=\"wp-block-media-text__content\">\n<p><strong>DELAKTIGHET OCH BARNS INFLYTANDE<\/strong><\/p>\n\n\n\n<p class=\"is-style-text-annotation is-style-text-annotation--5\">Vi arbetar f\u00f6r att barnen blir h\u00f6rda och sedda och att deras intressen och intentioner tas tillvara. Vi \u00e4r m\u00e5na om att vara utforskande pedagoger som tar tillvara barns nyfikenhet och vill erbjuda en stimulerande verksamhet som utg\u00e5r fr\u00e5n barnens intresse kopplat till f\u00f6rskolans l\u00e4roplan.<\/p>\n\n\n\n<p class=\"is-style-text-annotation is-style-text-annotation--6\">Vi fokuserar mycket p\u00e5 att l\u00e5ta barnen utveckla f\u00f6rm\u00e5ga till samspel och samarbete med andra. Vi f\u00f6rs\u00f6ker m\u00f6ta varje individ och dess behov eftersom v\u00e5rt uppdrag handlar om att varje barn ska utvecklas och l\u00e4ra utifr\u00e5n sina f\u00f6ruts\u00e4ttningar.<\/p>\n<\/div><figure class=\"wp-block-media-text__media\"><img loading=\"lazy\" decoding=\"async\" width=\"486\" height=\"604\" src=\"https:\/\/staging.enebydungen.se\/wp-content\/uploads\/2026\/05\/Skarmbild-2026-05-07-150401.png\" alt=\"\" class=\"wp-image-298 size-full\" srcset=\"https:\/\/staging.enebydungen.se\/wp-content\/uploads\/2026\/05\/Skarmbild-2026-05-07-150401.png 486w, https:\/\/staging.enebydungen.se\/wp-content\/uploads\/2026\/05\/Skarmbild-2026-05-07-150401-241x300.png 241w\" sizes=\"auto, (max-width: 486px) 100vw, 486px\" \/><\/figure><\/div>\n\n\n\n<p><\/p>\n\n\n\n<div class=\"wp-block-media-text\" style=\"grid-template-columns:35% auto\"><figure class=\"wp-block-media-text__media\"><img loading=\"lazy\" decoding=\"async\" width=\"514\" height=\"675\" src=\"https:\/\/staging.enebydungen.se\/wp-content\/uploads\/2026\/04\/Skapande.png\" alt=\"\" class=\"wp-image-243 size-full\" srcset=\"https:\/\/staging.enebydungen.se\/wp-content\/uploads\/2026\/04\/Skapande.png 514w, https:\/\/staging.enebydungen.se\/wp-content\/uploads\/2026\/04\/Skapande-228x300.png 228w\" sizes=\"auto, (max-width: 514px) 100vw, 514px\" \/><\/figure><div class=\"wp-block-media-text__content\">\n<p><strong>Skapande<\/strong><\/p>\n\n\n\n<p class=\"is-style-text-annotation is-style-text-annotation--7\">&nbsp;\u2013 Vi anv\u00e4nder olika material och tekniker allt utifr\u00e5n barnens utveckling och erfarenheter. Skapandet kopplas till de olika arbetsomr\u00e5den \/ teman som vi arbetar med.<\/p>\n\n\n\n<p class=\"is-style-text-annotation is-style-text-annotation--8\">Skapandet ska vara kravl\u00f6st, lustfyllt, fantasifullt och kreativt samtidigt som det \u00f6var olika f\u00e4rdigheter som t ex. finmotorik.<\/p>\n\n\n\n<p class=\"is-style-text-annotation is-style-text-annotation--9\">I skapandet i f\u00f6rskolan ing\u00e5r olika uttrycksformer som dans, musik och drama.<\/p>\n<\/div><\/div>\n\n\n\n<div class=\"wp-block-media-text has-media-on-the-right\" style=\"grid-template-columns:auto 25%\"><div class=\"wp-block-media-text__content\">\n<p><strong>R\u00f6relse<\/strong><\/p>\n\n\n\n<p class=\"is-style-text-annotation is-style-text-annotation--10\">Varje vecka har vi r\u00f6relse p\u00e5 schemat anpassat efter barnens \u00e5lder. Vi delar in barnen i mindre grupper. Syftet med r\u00f6relsen \u00e4r att skapa lustfylld r\u00f6relsegl\u00e4dje och skapa ett intresse f\u00f6r r\u00f6relse och fysisk aktivitet. Vi ser till barnens motoriska utveckling anpassad till barnens \u00e5lder d\u00e4r vi tr\u00e4nar grundr\u00f6relserna balans, \u00e5la, krypa, springa, kl\u00e4ttra och hoppa.&nbsp; De \u00e4ldre f\u00e5r mer utmanande aktiviteter och lekar. Vid r\u00f6relsen f\u00e5r barnen p\u00e5 ett lekfullt s\u00e4tt \u00e4ven tr\u00e4na p\u00e5 socialt samspel, samarbete, turtagning och f\u00f6rst\u00e5else f\u00f6r hur viktigt det \u00e4r att r\u00f6ra p\u00e5 kroppen.<\/p>\n<\/div><figure class=\"wp-block-media-text__media\"><img loading=\"lazy\" decoding=\"async\" width=\"195\" height=\"343\" src=\"https:\/\/staging.enebydungen.se\/wp-content\/uploads\/2026\/04\/rorelseny-1.png\" alt=\"\" class=\"wp-image-270 size-full\" srcset=\"https:\/\/staging.enebydungen.se\/wp-content\/uploads\/2026\/04\/rorelseny-1.png 195w, https:\/\/staging.enebydungen.se\/wp-content\/uploads\/2026\/04\/rorelseny-1-171x300.png 171w\" sizes=\"auto, (max-width: 195px) 100vw, 195px\" \/><\/figure><\/div>\n\n\n\n<div class=\"wp-block-media-text\" style=\"grid-template-columns:36% auto\"><figure class=\"wp-block-media-text__media\"><img loading=\"lazy\" decoding=\"async\" width=\"472\" height=\"538\" src=\"https:\/\/staging.enebydungen.se\/wp-content\/uploads\/2026\/04\/Skridskor.png\" alt=\"\" class=\"wp-image-244 size-full\" srcset=\"https:\/\/staging.enebydungen.se\/wp-content\/uploads\/2026\/04\/Skridskor.png 472w, https:\/\/staging.enebydungen.se\/wp-content\/uploads\/2026\/04\/Skridskor-263x300.png 263w\" sizes=\"auto, (max-width: 472px) 100vw, 472px\" \/><\/figure><div class=\"wp-block-media-text__content\">\n<p class=\"is-style-text-annotation is-style-text-annotation--11\">4 och 5 \u00e5ringarna f\u00e5r g\u00e5 upp till ishallen vid IP 2 g\u00e5nger per termin f\u00f6r att \u00e5ka skridskor tillsammans. Skridsko\u00e5kning st\u00e4rker sj\u00e4lvf\u00f6rtroendet, de \u00f6var sin balans och koordination.&nbsp; Vi vill v\u00e4cka intresset och gl\u00e4djen f\u00f6r skridsko\u00e5kning.<\/p>\n<\/div><\/div>\n\n\n\n<div class=\"wp-block-media-text has-media-on-the-right\" style=\"grid-template-columns:auto 40%\"><div class=\"wp-block-media-text__content\">\n<p class=\"is-style-text-annotation is-style-text-annotation--12\">Yoga \u00e4r en del av r\u00f6relseaktiviteterna, vilket \u00e4r ett bra s\u00e4tt f\u00f6r barnen att stressa ner och sl\u00e4ppa p\u00e5 sp\u00e4nningar i kroppen, samtidigt som det v\u00e4cker nyfikenhet och bjuder in till samarbete med andra barn och vuxna. Yoga kan \u00e4ven g\u00f6ra s\u00e5 att barn blir mer medvetna om sina k\u00e4nslor, fr\u00e4mjar deras kroppsk\u00e4nnedom och de f\u00e5r l\u00e4ttare att koncentrera sig. Yoga sker i mindre grupper och \u00e4r uppskattat av barnen.<\/p>\n<\/div><figure class=\"wp-block-media-text__media\"><img loading=\"lazy\" decoding=\"async\" width=\"406\" height=\"283\" src=\"https:\/\/staging.enebydungen.se\/wp-content\/uploads\/2026\/04\/Yoga1.png\" alt=\"\" class=\"wp-image-247 size-full\" srcset=\"https:\/\/staging.enebydungen.se\/wp-content\/uploads\/2026\/04\/Yoga1.png 406w, https:\/\/staging.enebydungen.se\/wp-content\/uploads\/2026\/04\/Yoga1-300x209.png 300w\" sizes=\"auto, (max-width: 406px) 100vw, 406px\" \/><\/figure><\/div>\n\n\n\n<p><\/p>\n","protected":false},"excerpt":{"rendered":"<p>F\u00d6RSKOLANS V\u00c4RDEGRUND OCH UPPDRAG F\u00f6rskolan ska l\u00e4gga grunden f\u00f6r ett livsl\u00e5ngt l\u00e4rande i en verksamhet som \u00e4r rolig, trygg och l\u00e4rorik. Det ska vara en god pedagogisk verksamhet som \u00e4r grundad i demokratiska v\u00e4rderingar d\u00e4r omsorg, fostran och l\u00e4rande bildar en helhet. I samarbete med hemmen ska f\u00f6rskolan skapa b\u00e4sta m\u00f6jliga f\u00f6ruts\u00e4ttningar f\u00f6r att varje [&hellip;]<\/p>\n","protected":false},"author":1,"featured_media":0,"parent":0,"menu_order":0,"comment_status":"closed","ping_status":"closed","template":"","meta":{"footnotes":""},"class_list":["post-17","page","type-page","status-publish","hentry"],"_links":{"self":[{"href":"https:\/\/staging.enebydungen.se\/index.php\/wp-json\/wp\/v2\/pages\/17","targetHints":{"allow":["GET"]}}],"collection":[{"href":"https:\/\/staging.enebydungen.se\/index.php\/wp-json\/wp\/v2\/pages"}],"about":[{"href":"https:\/\/staging.enebydungen.se\/index.php\/wp-json\/wp\/v2\/types\/page"}],"author":[{"embeddable":true,"href":"https:\/\/staging.enebydungen.se\/index.php\/wp-json\/wp\/v2\/users\/1"}],"replies":[{"embeddable":true,"href":"https:\/\/staging.enebydungen.se\/index.php\/wp-json\/wp\/v2\/comments?post=17"}],"version-history":[{"count":42,"href":"https:\/\/staging.enebydungen.se\/index.php\/wp-json\/wp\/v2\/pages\/17\/revisions"}],"predecessor-version":[{"id":316,"href":"https:\/\/staging.enebydungen.se\/index.php\/wp-json\/wp\/v2\/pages\/17\/revisions\/316"}],"wp:attachment":[{"href":"https:\/\/staging.enebydungen.se\/index.php\/wp-json\/wp\/v2\/media?parent=17"}],"curies":[{"name":"wp","href":"https:\/\/api.w.org\/{rel}","templated":true}]}}