{"id":183,"date":"2026-04-01T13:26:04","date_gmt":"2026-04-01T11:26:04","guid":{"rendered":"https:\/\/staging.enebydungen.se\/?page_id=183"},"modified":"2026-05-07T15:50:55","modified_gmt":"2026-05-07T13:50:55","slug":"gron-flagg","status":"publish","type":"page","link":"https:\/\/staging.enebydungen.se\/index.php\/gron-flagg\/","title":{"rendered":"Gr\u00f6n flagg"},"content":{"rendered":"\n<div class=\"wp-block-media-text has-media-on-the-right\" style=\"grid-template-columns:auto 35%\"><div class=\"wp-block-media-text__content\">\n<p class=\"is-style-text-annotation has-medium-font-size is-style-text-annotation--1\">Sedan m\u00e5nga \u00e5r tillbaka arbetar vi med<strong>&nbsp;<a href=\"https:\/\/www.hsr.se\/gron-flagg\" target=\"_blank\" rel=\"noreferrer noopener\">Gr\u00f6n flagg<\/a><\/strong> som drivs av H\u00e5ll Sverige rent. Vi arbetar aktivt f\u00f6r att skapa f\u00f6ruts\u00e4ttningar f\u00f6r l\u00e5ngsiktig f\u00f6r\u00e4ndring inom h\u00e5llbar utveckling, anpassat efter barnens \u00e5lder. V\u00e5rt Gr\u00f6n Flaggarbete genomsyrar hela f\u00f6rskolan och vi planerar f\u00f6r en verksamhet d\u00e4r barnen l\u00e4r sig respekt, solidaritet och ta ansvar f\u00f6r allt levande i sin n\u00e4rmilj\u00f6. Vi fokuserar p\u00e5 kopplingar till de globala m\u00e5len som handlar om Djur &amp; Natur, Hav &amp; Vatten, Livsstil &amp; h\u00e4lsa, men \u00e4ven k\u00e4llsortering, \u00e5terbruk och \u00e5tervinning. Barnen har inflytande och kan p\u00e5verka arbetet genom regelbundna Gr\u00f6n Flagg r\u00e5d anpassade utifr\u00e5n barnens \u00e5lder.<\/p>\n<\/div><figure class=\"wp-block-media-text__media\"><img loading=\"lazy\" decoding=\"async\" width=\"252\" height=\"337\" src=\"https:\/\/staging.enebydungen.se\/wp-content\/uploads\/2026\/04\/atervinning.png\" alt=\"\" class=\"wp-image-176 size-full\" srcset=\"https:\/\/staging.enebydungen.se\/wp-content\/uploads\/2026\/04\/atervinning.png 252w, https:\/\/staging.enebydungen.se\/wp-content\/uploads\/2026\/04\/atervinning-224x300.png 224w\" sizes=\"auto, (max-width: 252px) 100vw, 252px\" \/><\/figure><\/div>\n\n\n\n<div class=\"wp-block-media-text\" style=\"grid-template-columns:35% auto\"><figure class=\"wp-block-media-text__media\"><img loading=\"lazy\" decoding=\"async\" width=\"768\" height=\"1024\" src=\"https:\/\/staging.enebydungen.se\/wp-content\/uploads\/2026\/03\/image1-768x1024.jpeg\" alt=\"\" class=\"wp-image-116 size-full\" srcset=\"https:\/\/staging.enebydungen.se\/wp-content\/uploads\/2026\/03\/image1-768x1024.jpeg 768w, https:\/\/staging.enebydungen.se\/wp-content\/uploads\/2026\/03\/image1-225x300.jpeg 225w, https:\/\/staging.enebydungen.se\/wp-content\/uploads\/2026\/03\/image1-1152x1536.jpeg 1152w, https:\/\/staging.enebydungen.se\/wp-content\/uploads\/2026\/03\/image1-1536x2048.jpeg 1536w, https:\/\/staging.enebydungen.se\/wp-content\/uploads\/2026\/03\/image1-scaled.jpeg 1920w\" sizes=\"auto, (max-width: 768px) 100vw, 768px\" \/><\/figure><div class=\"wp-block-media-text__content\">\n<p class=\"is-style-text-annotation has-medium-font-size is-style-text-annotation--2\">Beroende p\u00e5 barnens \u00e5lder bes\u00f6ker vi regelbundet skogen d\u00e4r barnen f\u00e5r uppt\u00e4cka och utforska djur, v\u00e4xter och naturens f\u00f6r\u00e4ndringar utifr\u00e5n \u00e5rstid.&nbsp;<\/p>\n<\/div><\/div>\n\n\n\n<p><\/p>\n","protected":false},"excerpt":{"rendered":"<p>Sedan m\u00e5nga \u00e5r tillbaka arbetar vi med&nbsp;Gr\u00f6n flagg som drivs av H\u00e5ll Sverige rent. Vi arbetar aktivt f\u00f6r att skapa f\u00f6ruts\u00e4ttningar f\u00f6r l\u00e5ngsiktig f\u00f6r\u00e4ndring inom h\u00e5llbar utveckling, anpassat efter barnens \u00e5lder. V\u00e5rt Gr\u00f6n Flaggarbete genomsyrar hela f\u00f6rskolan och vi planerar f\u00f6r en verksamhet d\u00e4r barnen l\u00e4r sig respekt, solidaritet och ta ansvar f\u00f6r allt levande [&hellip;]<\/p>\n","protected":false},"author":1,"featured_media":0,"parent":0,"menu_order":0,"comment_status":"closed","ping_status":"closed","template":"","meta":{"footnotes":""},"class_list":["post-183","page","type-page","status-publish","hentry"],"_links":{"self":[{"href":"https:\/\/staging.enebydungen.se\/index.php\/wp-json\/wp\/v2\/pages\/183","targetHints":{"allow":["GET"]}}],"collection":[{"href":"https:\/\/staging.enebydungen.se\/index.php\/wp-json\/wp\/v2\/pages"}],"about":[{"href":"https:\/\/staging.enebydungen.se\/index.php\/wp-json\/wp\/v2\/types\/page"}],"author":[{"embeddable":true,"href":"https:\/\/staging.enebydungen.se\/index.php\/wp-json\/wp\/v2\/users\/1"}],"replies":[{"embeddable":true,"href":"https:\/\/staging.enebydungen.se\/index.php\/wp-json\/wp\/v2\/comments?post=183"}],"version-history":[{"count":10,"href":"https:\/\/staging.enebydungen.se\/index.php\/wp-json\/wp\/v2\/pages\/183\/revisions"}],"predecessor-version":[{"id":318,"href":"https:\/\/staging.enebydungen.se\/index.php\/wp-json\/wp\/v2\/pages\/183\/revisions\/318"}],"wp:attachment":[{"href":"https:\/\/staging.enebydungen.se\/index.php\/wp-json\/wp\/v2\/media?parent=183"}],"curies":[{"name":"wp","href":"https:\/\/api.w.org\/{rel}","templated":true}]}}