{"id":24,"date":"2026-02-17T13:20:13","date_gmt":"2026-02-17T12:20:13","guid":{"rendered":"https:\/\/staging.enebydungen.se\/?page_id=24"},"modified":"2026-04-23T11:13:44","modified_gmt":"2026-04-23T09:13:44","slug":"startsida","status":"publish","type":"page","link":"https:\/\/staging.enebydungen.se\/","title":{"rendered":""},"content":{"rendered":"\n<figure class=\"wp-block-image size-large is-style-rounded\"><img loading=\"lazy\" decoding=\"async\" width=\"1024\" height=\"681\" src=\"https:\/\/staging.enebydungen.se\/wp-content\/uploads\/2026\/02\/alexas_fotos-teddy-1338895_128012-1024x681.png\" alt=\"\" class=\"wp-image-106\" srcset=\"https:\/\/staging.enebydungen.se\/wp-content\/uploads\/2026\/02\/alexas_fotos-teddy-1338895_128012-1024x681.png 1024w, https:\/\/staging.enebydungen.se\/wp-content\/uploads\/2026\/02\/alexas_fotos-teddy-1338895_128012-300x199.png 300w, https:\/\/staging.enebydungen.se\/wp-content\/uploads\/2026\/02\/alexas_fotos-teddy-1338895_128012-768x511.png 768w, https:\/\/staging.enebydungen.se\/wp-content\/uploads\/2026\/02\/alexas_fotos-teddy-1338895_128012.png 1280w\" sizes=\"auto, (max-width: 1024px) 100vw, 1024px\" \/><\/figure>\n\n\n\n<div class=\"wp-block-group alignfull has-global-padding is-layout-constrained wp-container-core-group-is-layout-ebee8dc1 wp-block-group-is-layout-constrained\" style=\"margin-top:0;margin-bottom:0;padding-top:var(--wp--preset--spacing--50);padding-bottom:var(--wp--preset--spacing--50)\">\n<h2 class=\"wp-block-heading alignwide has-text-align-center\"><strong>Enebydungens f\u00f6rskola<\/strong>   <\/h2>\n\n\n\n<div class=\"wp-block-columns alignwide is-layout-flex wp-container-core-columns-is-layout-28f84493 wp-block-columns-is-layout-flex\">\n<div class=\"wp-block-column is-layout-flow wp-block-column-is-layout-flow\">\n<figure class=\"wp-block-image size-full is-style-rounded\" style=\"margin-bottom:24px\"><img loading=\"lazy\" decoding=\"async\" width=\"1920\" height=\"2560\" src=\"https:\/\/staging.enebydungen.se\/wp-content\/uploads\/2026\/03\/image02-scaled.jpeg\" alt=\"\" class=\"wp-image-117\" style=\"aspect-ratio:4\/3;object-fit:cover\" srcset=\"https:\/\/staging.enebydungen.se\/wp-content\/uploads\/2026\/03\/image02-scaled.jpeg 1920w, https:\/\/staging.enebydungen.se\/wp-content\/uploads\/2026\/03\/image02-225x300.jpeg 225w, https:\/\/staging.enebydungen.se\/wp-content\/uploads\/2026\/03\/image02-768x1024.jpeg 768w, https:\/\/staging.enebydungen.se\/wp-content\/uploads\/2026\/03\/image02-1152x1536.jpeg 1152w, https:\/\/staging.enebydungen.se\/wp-content\/uploads\/2026\/03\/image02-1536x2048.jpeg 1536w\" sizes=\"auto, (max-width: 1920px) 100vw, 1920px\" \/><\/figure>\n\n\n\n<h3 class=\"wp-block-heading\"><strong>Gr\u00f6n Flagg<\/strong><\/h3>\n\n\n\n<p class=\"has-medium-font-size\">Vi arbetar enligt skolverkets l\u00e4roplan och \u00e4r en Gr\u00f6n Flagg-certifierad f\u00f6rskola.<\/p>\n\n\n\n<div class=\"wp-block-buttons is-layout-flex wp-block-buttons-is-layout-flex\">\n<div class=\"wp-block-button\"><a class=\"wp-block-button__link wp-element-button\" href=\"https:\/\/staging.enebydungen.se\/index.php\/gron-flagg\/\">L\u00e4s mer h\u00e4r<\/a><\/div>\n<\/div>\n<\/div>\n\n\n\n<div class=\"wp-block-column is-layout-flow wp-block-column-is-layout-flow\">\n<figure class=\"wp-block-image size-full is-style-rounded\" style=\"margin-bottom:24px\"><img loading=\"lazy\" decoding=\"async\" width=\"2560\" height=\"1920\" src=\"https:\/\/staging.enebydungen.se\/wp-content\/uploads\/2026\/03\/image11-scaled.jpeg\" alt=\"\" class=\"wp-image-120\" style=\"aspect-ratio:4\/3;object-fit:cover\" srcset=\"https:\/\/staging.enebydungen.se\/wp-content\/uploads\/2026\/03\/image11-scaled.jpeg 2560w, https:\/\/staging.enebydungen.se\/wp-content\/uploads\/2026\/03\/image11-300x225.jpeg 300w, https:\/\/staging.enebydungen.se\/wp-content\/uploads\/2026\/03\/image11-1024x768.jpeg 1024w, https:\/\/staging.enebydungen.se\/wp-content\/uploads\/2026\/03\/image11-768x576.jpeg 768w, https:\/\/staging.enebydungen.se\/wp-content\/uploads\/2026\/03\/image11-1536x1152.jpeg 1536w, https:\/\/staging.enebydungen.se\/wp-content\/uploads\/2026\/03\/image11-2048x1536.jpeg 2048w\" sizes=\"auto, (max-width: 2560px) 100vw, 2560px\" \/><\/figure>\n\n\n\n<h3 class=\"wp-block-heading\"><strong>Avdelningar<\/strong><\/h3>\n\n\n\n<p class=\"has-medium-font-size\">P\u00e5 Enebydungen har vi fem avdelningar anpassade efter barnens \u00e5lder och behov. <\/p>\n\n\n\n<div class=\"wp-block-buttons is-layout-flex wp-block-buttons-is-layout-flex\">\n<div class=\"wp-block-button\"><a class=\"wp-block-button__link wp-element-button\" href=\"https:\/\/staging.enebydungen.se\/index.php\/avdelningar\/\">L\u00e4s mer h\u00e4r<\/a><\/div>\n<\/div>\n<\/div>\n\n\n\n<div class=\"wp-block-column is-layout-flow wp-block-column-is-layout-flow\">\n<figure class=\"wp-block-image size-full is-style-rounded\" style=\"margin-bottom:24px\"><img loading=\"lazy\" decoding=\"async\" width=\"1920\" height=\"2560\" src=\"https:\/\/staging.enebydungen.se\/wp-content\/uploads\/2026\/03\/IMG_8102-scaled.jpeg\" alt=\"\" class=\"wp-image-134\" style=\"aspect-ratio:4\/3;object-fit:cover\" srcset=\"https:\/\/staging.enebydungen.se\/wp-content\/uploads\/2026\/03\/IMG_8102-scaled.jpeg 1920w, https:\/\/staging.enebydungen.se\/wp-content\/uploads\/2026\/03\/IMG_8102-225x300.jpeg 225w, https:\/\/staging.enebydungen.se\/wp-content\/uploads\/2026\/03\/IMG_8102-768x1024.jpeg 768w, https:\/\/staging.enebydungen.se\/wp-content\/uploads\/2026\/03\/IMG_8102-1152x1536.jpeg 1152w, https:\/\/staging.enebydungen.se\/wp-content\/uploads\/2026\/03\/IMG_8102-1536x2048.jpeg 1536w\" sizes=\"auto, (max-width: 1920px) 100vw, 1920px\" \/><\/figure>\n\n\n\n<h3 class=\"wp-block-heading\"><strong>V\u00e5r pedagogik<\/strong><\/h3>\n\n\n\n<p class=\"has-medium-font-size\">P\u00e5 v\u00e5r f\u00f6rskola fokuserar vi bl.a. mycket p\u00e5 spr\u00e5kutveckling och l\u00e4sf\u00f6rst\u00e5else.<\/p>\n\n\n\n<div class=\"wp-block-buttons is-layout-flex wp-block-buttons-is-layout-flex\">\n<div class=\"wp-block-button\"><a class=\"wp-block-button__link wp-element-button\" href=\"https:\/\/staging.enebydungen.se\/index.php\/var-pedagogik\/\">L\u00e4s mer h\u00e4r<\/a><\/div>\n<\/div>\n<\/div>\n<\/div>\n<\/div>\n\n\n\n<aside class=\"wp-block-group alignfull is-style-section-3 has-global-padding is-layout-constrained wp-container-core-group-is-layout-f0f2a97b wp-block-group-is-layout-constrained is-style-section-3--1\" style=\"margin-top:0;margin-bottom:0;padding-top:var(--wp--preset--spacing--50);padding-right:var(--wp--preset--spacing--50);padding-bottom:var(--wp--preset--spacing--50);padding-left:var(--wp--preset--spacing--50)\">\n<div class=\"wp-block-group is-vertical is-content-justification-center is-layout-flex wp-container-core-group-is-layout-8778ca4a wp-block-group-is-layout-flex\" style=\"min-height:360px;margin-top:0;margin-bottom:0\">\n<h2 class=\"wp-block-heading has-text-align-center has-xx-large-font-size\">V\u00e5r verksamhet<\/h2>\n\n\n\n<div style=\"height:0px\" aria-hidden=\"true\" class=\"wp-block-spacer wp-container-content-62aae154\"><\/div>\n\n\n\n<div class=\"wp-block-buttons is-content-justification-center is-layout-flex wp-container-core-buttons-is-layout-a89b3969 wp-block-buttons-is-layout-flex\">\n<div class=\"wp-block-button\"><a class=\"wp-block-button__link has-text-align-center wp-element-button\" href=\"https:\/\/staging.enebydungen.se\/index.php\/var-verksamhet\">L\u00e4s mer h\u00e4r<\/a><\/div>\n<\/div>\n\n\n\n<figure class=\"wp-block-image size-full\"><img loading=\"lazy\" decoding=\"async\" width=\"1020\" height=\"859\" src=\"https:\/\/staging.enebydungen.se\/wp-content\/uploads\/2026\/03\/Arshjul.png\" alt=\"\" class=\"wp-image-150\" srcset=\"https:\/\/staging.enebydungen.se\/wp-content\/uploads\/2026\/03\/Arshjul.png 1020w, https:\/\/staging.enebydungen.se\/wp-content\/uploads\/2026\/03\/Arshjul-300x253.png 300w, https:\/\/staging.enebydungen.se\/wp-content\/uploads\/2026\/03\/Arshjul-768x647.png 768w\" sizes=\"auto, (max-width: 1020px) 100vw, 1020px\" \/><\/figure>\n<\/div>\n<\/aside>\n","protected":false},"excerpt":{"rendered":"<p>Enebydungens f\u00f6rskola Gr\u00f6n Flagg Vi arbetar enligt skolverkets l\u00e4roplan och \u00e4r en Gr\u00f6n Flagg-certifierad f\u00f6rskola. Avdelningar P\u00e5 Enebydungen har vi fem avdelningar anpassade efter barnens \u00e5lder och behov. V\u00e5r pedagogik P\u00e5 v\u00e5r f\u00f6rskola fokuserar vi bl.a. mycket p\u00e5 spr\u00e5kutveckling och l\u00e4sf\u00f6rst\u00e5else. V\u00e5r verksamhet<\/p>\n","protected":false},"author":1,"featured_media":0,"parent":0,"menu_order":0,"comment_status":"closed","ping_status":"closed","template":"","meta":{"footnotes":""},"class_list":["post-24","page","type-page","status-publish","hentry"],"_links":{"self":[{"href":"https:\/\/staging.enebydungen.se\/index.php\/wp-json\/wp\/v2\/pages\/24","targetHints":{"allow":["GET"]}}],"collection":[{"href":"https:\/\/staging.enebydungen.se\/index.php\/wp-json\/wp\/v2\/pages"}],"about":[{"href":"https:\/\/staging.enebydungen.se\/index.php\/wp-json\/wp\/v2\/types\/page"}],"author":[{"embeddable":true,"href":"https:\/\/staging.enebydungen.se\/index.php\/wp-json\/wp\/v2\/users\/1"}],"replies":[{"embeddable":true,"href":"https:\/\/staging.enebydungen.se\/index.php\/wp-json\/wp\/v2\/comments?post=24"}],"version-history":[{"count":41,"href":"https:\/\/staging.enebydungen.se\/index.php\/wp-json\/wp\/v2\/pages\/24\/revisions"}],"predecessor-version":[{"id":257,"href":"https:\/\/staging.enebydungen.se\/index.php\/wp-json\/wp\/v2\/pages\/24\/revisions\/257"}],"wp:attachment":[{"href":"https:\/\/staging.enebydungen.se\/index.php\/wp-json\/wp\/v2\/media?parent=24"}],"curies":[{"name":"wp","href":"https:\/\/api.w.org\/{rel}","templated":true}]}}