{"id":8,"date":"2026-02-16T13:33:26","date_gmt":"2026-02-16T12:33:26","guid":{"rendered":"https:\/\/staging.enebydungen.se\/?page_id=8"},"modified":"2026-04-01T13:21:58","modified_gmt":"2026-04-01T11:21:58","slug":"pedagoger","status":"publish","type":"page","link":"https:\/\/staging.enebydungen.se\/index.php\/pedagoger\/","title":{"rendered":"Pedagoger"},"content":{"rendered":"\n<div class=\"wp-block-columns is-layout-flex wp-container-core-columns-is-layout-28f84493 wp-block-columns-is-layout-flex\">\n<div class=\"wp-block-column is-layout-flow wp-block-column-is-layout-flow\" style=\"flex-basis:100%\">\n<figure class=\"wp-block-table\"><table class=\"has-fixed-layout\"><tbody><tr><td><strong>Kontoret:<\/strong><br>Leena Quiles, Rektor<br>Adam Haas, Administrat\u00f6r<\/td><\/tr><tr><td><strong>Sunnan\u00e4ng:<\/strong><br>Sandra Lindvall, F\u00f6rskoll\u00e4rare<br>Nena Tsiftsi\u00a0<br>Alice Cedrum\u00a0<br>Ellen H\u00e4ggstr\u00f6m-Lind<\/td><\/tr><tr><td><strong>Katthult:<\/strong><br>Helena Lantz, F\u00f6rskoll\u00e4rare<br>Malin Wrang\u00e5s<br>Sara Lagerholm<\/td><\/tr><tr><td><strong>Villekulla:<\/strong><br>Camilla Bystr\u00f6m, F\u00f6rskoll\u00e4rare<br>Wilma Bernwall<br>Nina Zendi<br>Annika Nordlund<\/td><\/tr><tr><td><strong>S\u00f6rg\u00e5rden:<\/strong><br>Anette \u00c5sbrink, F\u00f6rskoll\u00e4rare<br>Catarina Nilsson<br>Elin \u00c5berg<\/td><\/tr><tr><td><strong>Junibacken:<\/strong><br>Elin Str\u00f6m, F\u00f6rskoll\u00e4rare<br>Veronica Lodin<br>Klara Rios<\/td><\/tr><tr><td><strong>K\u00f6ket:<\/strong><br>Gabriella Rios<\/td><\/tr><\/tbody><\/table><\/figure>\n\n\n\n<p><\/p>\n<\/div>\n<\/div>\n\n\n\n<p><\/p>\n","protected":false},"excerpt":{"rendered":"<p>Kontoret:Leena Quiles, RektorAdam Haas, Administrat\u00f6r Sunnan\u00e4ng:Sandra Lindvall, F\u00f6rskoll\u00e4rareNena Tsiftsi\u00a0Alice Cedrum\u00a0Ellen H\u00e4ggstr\u00f6m-Lind Katthult:Helena Lantz, F\u00f6rskoll\u00e4rareMalin Wrang\u00e5sSara Lagerholm Villekulla:Camilla Bystr\u00f6m, F\u00f6rskoll\u00e4rareWilma BernwallNina ZendiAnnika Nordlund S\u00f6rg\u00e5rden:Anette \u00c5sbrink, F\u00f6rskoll\u00e4rareCatarina NilssonElin \u00c5berg Junibacken:Elin Str\u00f6m, F\u00f6rskoll\u00e4rareVeronica LodinKlara Rios K\u00f6ket:Gabriella Rios<\/p>\n","protected":false},"author":1,"featured_media":0,"parent":0,"menu_order":0,"comment_status":"closed","ping_status":"closed","template":"","meta":{"footnotes":""},"class_list":["post-8","page","type-page","status-publish","hentry"],"_links":{"self":[{"href":"https:\/\/staging.enebydungen.se\/index.php\/wp-json\/wp\/v2\/pages\/8","targetHints":{"allow":["GET"]}}],"collection":[{"href":"https:\/\/staging.enebydungen.se\/index.php\/wp-json\/wp\/v2\/pages"}],"about":[{"href":"https:\/\/staging.enebydungen.se\/index.php\/wp-json\/wp\/v2\/types\/page"}],"author":[{"embeddable":true,"href":"https:\/\/staging.enebydungen.se\/index.php\/wp-json\/wp\/v2\/users\/1"}],"replies":[{"embeddable":true,"href":"https:\/\/staging.enebydungen.se\/index.php\/wp-json\/wp\/v2\/comments?post=8"}],"version-history":[{"count":8,"href":"https:\/\/staging.enebydungen.se\/index.php\/wp-json\/wp\/v2\/pages\/8\/revisions"}],"predecessor-version":[{"id":182,"href":"https:\/\/staging.enebydungen.se\/index.php\/wp-json\/wp\/v2\/pages\/8\/revisions\/182"}],"wp:attachment":[{"href":"https:\/\/staging.enebydungen.se\/index.php\/wp-json\/wp\/v2\/media?parent=8"}],"curies":[{"name":"wp","href":"https:\/\/api.w.org\/{rel}","templated":true}]}}